{"id":6699,"date":"2025-10-24T15:08:55","date_gmt":"2025-10-24T13:08:55","guid":{"rendered":"https:\/\/visium360.fr\/?page_id=6699"},"modified":"2025-11-25T12:20:34","modified_gmt":"2025-11-25T11:20:34","slug":"lotus3d-lab-explorer-la-donnee-dans-lespace-et-le-mouvement","status":"publish","type":"page","link":"https:\/\/visium360.fr\/index.php\/lotus3d-lab-explorer-la-donnee-dans-lespace-et-le-mouvement\/","title":{"rendered":"Lotus3D Lab &#8211; Explorer la donn\u00e9e dans l\u2019espace et le mouvement"},"content":{"rendered":"\t\t<div data-elementor-type=\"wp-page\" data-elementor-id=\"6699\" class=\"elementor elementor-6699\" data-elementor-settings=\"[]\">\n\t\t\t\t\t\t<div class=\"elementor-inner\">\n\t\t\t\t\t\t\t<div class=\"elementor-section-wrap\">\n\t\t\t\t\t\t\t<section class=\"elementor-section elementor-top-section elementor-element elementor-element-02b25ff elementor-section-boxed elementor-section-height-default elementor-section-height-default\" data-id=\"02b25ff\" data-element_type=\"section\">\n\t\t\t\t\t\t<div class=\"elementor-container elementor-column-gap-default\">\n\t\t\t\t\t\t\t<div class=\"elementor-row\">\n\t\t\t\t\t<div class=\"elementor-column elementor-col-50 elementor-top-column elementor-element elementor-element-976d967\" data-id=\"976d967\" data-element_type=\"column\">\n\t\t\t<div class=\"elementor-column-wrap elementor-element-populated\">\n\t\t\t\t\t\t\t<div class=\"elementor-widget-wrap\">\n\t\t\t\t\t\t<div class=\"elementor-element elementor-element-819e94f elementor-widget elementor-widget-spacer\" data-id=\"819e94f\" data-element_type=\"widget\" data-widget_type=\"spacer.default\">\n\t\t\t\t<div class=\"elementor-widget-container\">\n\t\t\t\t\t<div class=\"elementor-spacer\">\n\t\t\t<div class=\"elementor-spacer-inner\"><\/div>\n\t\t<\/div>\n\t\t\t\t<\/div>\n\t\t\t\t<\/div>\n\t\t\t\t<div class=\"elementor-element elementor-element-8bc922b aleft elementor-widget elementor-widget-wgl-double-headings\" data-id=\"8bc922b\" data-element_type=\"widget\" data-widget_type=\"wgl-double-headings.default\">\n\t\t\t\t<div class=\"elementor-widget-container\">\n\t\t\t<div class=\"wgl-double_heading\"><div class=\"dbl__subtitle\"><span>NOS PLATEFORMES<\/span><\/div><h2 class=\"dbl__title-wrapper\"><span class=\"dbl__title\">Explorer la donn\u00e9e dans l\u2019espace et le mouvement\n<\/span><\/h2><\/div>\t\t<\/div>\n\t\t\t\t<\/div>\n\t\t\t\t<div class=\"elementor-element elementor-element-94cb888 elementor-widget elementor-widget-text-editor\" data-id=\"94cb888\" data-element_type=\"widget\" data-widget_type=\"text-editor.default\">\n\t\t\t\t<div class=\"elementor-widget-container\">\n\t\t\t\t\t\t\t\t<div class=\"elementor-text-editor elementor-clearfix\">\n\t\t\t\t<p data-start=\"519\" data-end=\"689\">LOTUS3D est le laboratoire 3D de <strong data-start=\"553\" data-end=\"566\">Visium360<\/strong>, d\u00e9di\u00e9 \u00e0 la recherche et \u00e0 l\u2019exp\u00e9rimentation autour de la <strong data-start=\"625\" data-end=\"686\">gestion spatiale, visuelle et comportementale des donn\u00e9es<\/strong>.<\/p><p data-start=\"696\" data-end=\"862\">Notre objectif : transformer les syst\u00e8mes d\u2019information traditionnels en <strong data-start=\"769\" data-end=\"792\">\u00e9cosyst\u00e8mes vivants<\/strong>, o\u00f9 chaque donn\u00e9e devient un objet interactif, anim\u00e9 et contextuel.<\/p><p data-start=\"869\" data-end=\"1130\">Gr\u00e2ce \u00e0 des technologies 3D avanc\u00e9es et \u00e0 une <strong data-start=\"915\" data-end=\"940\">intelligence int\u00e9gr\u00e9e<\/strong> discr\u00e8te mais essentielle, MOSAIC3D explore comment les environnements num\u00e9riques peuvent <strong data-start=\"1031\" data-end=\"1062\">r\u00e9agir, s\u2019adapter et guider<\/strong> l\u2019utilisateur selon la situation, les donn\u00e9es et leurs relations.<\/p><p data-start=\"1137\" data-end=\"1374\">Ce laboratoire constitue une passerelle entre la <strong data-start=\"1186\" data-end=\"1214\">visualisation de donn\u00e9es<\/strong>, la <strong data-start=\"1219\" data-end=\"1257\">mod\u00e9lisation de syst\u00e8mes complexes<\/strong>, et l\u2019<strong data-start=\"1264\" data-end=\"1292\">interaction intelligente<\/strong> \u2014 un espace d\u2019exp\u00e9rimentation o\u00f9 la donn\u00e9e devient visible, lisible et intuitive.<\/p>\t\t\t\t\t<\/div>\n\t\t\t\t\t\t<\/div>\n\t\t\t\t<\/div>\n\t\t\t\t<div class=\"elementor-element elementor-element-40613fb elementor-widget elementor-widget-spacer\" data-id=\"40613fb\" data-element_type=\"widget\" data-widget_type=\"spacer.default\">\n\t\t\t\t<div class=\"elementor-widget-container\">\n\t\t\t\t\t<div class=\"elementor-spacer\">\n\t\t\t<div class=\"elementor-spacer-inner\"><\/div>\n\t\t<\/div>\n\t\t\t\t<\/div>\n\t\t\t\t<\/div>\n\t\t\t\t<div class=\"elementor-element elementor-element-cd29eeb elementor-widget elementor-widget-spacer\" data-id=\"cd29eeb\" data-element_type=\"widget\" data-widget_type=\"spacer.default\">\n\t\t\t\t<div class=\"elementor-widget-container\">\n\t\t\t\t\t<div class=\"elementor-spacer\">\n\t\t\t<div class=\"elementor-spacer-inner\"><\/div>\n\t\t<\/div>\n\t\t\t\t<\/div>\n\t\t\t\t<\/div>\n\t\t\t\t\t\t<\/div>\n\t\t\t\t\t<\/div>\n\t\t<\/div>\n\t\t\t\t<div class=\"elementor-column elementor-col-50 elementor-top-column elementor-element elementor-element-a933cd6\" data-id=\"a933cd6\" data-element_type=\"column\">\n\t\t\t<div class=\"elementor-column-wrap elementor-element-populated\">\n\t\t\t\t\t\t\t<div class=\"elementor-widget-wrap\">\n\t\t\t\t\t\t<div class=\"elementor-element elementor-element-8b2859c elementor-widget elementor-widget-spacer\" data-id=\"8b2859c\" data-element_type=\"widget\" data-widget_type=\"spacer.default\">\n\t\t\t\t<div class=\"elementor-widget-container\">\n\t\t\t\t\t<div class=\"elementor-spacer\">\n\t\t\t<div class=\"elementor-spacer-inner\"><\/div>\n\t\t<\/div>\n\t\t\t\t<\/div>\n\t\t\t\t<\/div>\n\t\t\t\t<div class=\"elementor-element elementor-element-e3a6bf8 elementor-widget elementor-widget-wgl-image-animate\" data-id=\"e3a6bf8\" data-element_type=\"widget\" data-widget_type=\"wgl-image-animate.default\">\n\t\t\t\t<div class=\"elementor-widget-container\">\n\t\t\t<div class=\"wgl-image-animate\"><div class=\"img-layer_image-wrapper up_down\" style=\"z-index: 1\">\n                <div class=\"img-layer_item\" style=\"transform: translate(0%, 0%);\">\n                    <div class=\"img-layer_image\" style=\"animation-duration: 0s;\">\n                        <img decoding=\"async\" src=\"https:\/\/visium360.fr\/wp-content\/uploads\/2025\/10\/VisuLotus-1.png\" alt=\"VisuLotus\" \/>\n                    <\/div>\n                <\/div>\n            <\/div> <div class=\"img-layer_image-wrapper left_right\" style=\"z-index: 1\">\n                <div class=\"img-layer_item\" style=\"transform: translate(0%, 0%);\">\n                    <div class=\"img-layer_image\" style=\"animation-duration: 3s;\">\n                        <img decoding=\"async\" src=\"https:\/\/visium360.fr\/wp-content\/uploads\/2020\/03\/Group10.png\" alt=\"Group10\" \/>\n                    <\/div>\n                <\/div>\n            <\/div> <div class=\"img-layer_image-wrapper left_right\" style=\"z-index: 1\">\n                <div class=\"img-layer_item\" style=\"transform: translate(0%, 0%);\">\n                    <div class=\"img-layer_image\" style=\"animation-duration: 4s;\">\n                        <img decoding=\"async\" src=\"https:\/\/visium360.fr\/wp-content\/uploads\/2020\/03\/Group9.png\" alt=\"Group9\" \/>\n                    <\/div>\n                <\/div>\n            <\/div> <\/div>\t\t<\/div>\n\t\t\t\t<\/div>\n\t\t\t\t\t\t<\/div>\n\t\t\t\t\t<\/div>\n\t\t<\/div>\n\t\t\t\t\t\t\t\t<\/div>\n\t\t\t\t\t<\/div>\n\t\t<\/section>\n\t\t\t\t<section class=\"elementor-section elementor-top-section elementor-element elementor-element-bd706f2 elementor-section-boxed elementor-section-height-default elementor-section-height-default\" data-id=\"bd706f2\" data-element_type=\"section\">\n\t\t\t\t\t\t<div class=\"elementor-container elementor-column-gap-default\">\n\t\t\t\t\t\t\t<div class=\"elementor-row\">\n\t\t\t\t\t<div class=\"elementor-column elementor-col-100 elementor-top-column elementor-element elementor-element-81fdb16\" data-id=\"81fdb16\" data-element_type=\"column\">\n\t\t\t<div class=\"elementor-column-wrap elementor-element-populated\">\n\t\t\t\t\t\t\t<div class=\"elementor-widget-wrap\">\n\t\t\t\t\t\t<div class=\"elementor-element elementor-element-6e44b38 elementor-widget elementor-widget-spacer\" data-id=\"6e44b38\" data-element_type=\"widget\" data-widget_type=\"spacer.default\">\n\t\t\t\t<div class=\"elementor-widget-container\">\n\t\t\t\t\t<div class=\"elementor-spacer\">\n\t\t\t<div class=\"elementor-spacer-inner\"><\/div>\n\t\t<\/div>\n\t\t\t\t<\/div>\n\t\t\t\t<\/div>\n\t\t\t\t\t\t<\/div>\n\t\t\t\t\t<\/div>\n\t\t<\/div>\n\t\t\t\t\t\t\t\t<\/div>\n\t\t\t\t\t<\/div>\n\t\t<\/section>\n\t\t\t\t<section class=\"elementor-section elementor-top-section elementor-element elementor-element-ca18bcf elementor-section-full_width elementor-section-height-default elementor-section-height-default\" data-id=\"ca18bcf\" data-element_type=\"section\">\n\t\t\t\t\t\t\t<div class=\"elementor-background-overlay\"><\/div>\n\t\t\t\t\t\t\t<div class=\"elementor-container elementor-column-gap-extended\">\n\t\t\t\t\t\t\t<div class=\"elementor-row\">\n\t\t\t\t\t<div class=\"elementor-column elementor-col-50 elementor-top-column elementor-element elementor-element-9cdb6f0\" data-id=\"9cdb6f0\" data-element_type=\"column\" data-settings=\"{&quot;background_background&quot;:&quot;classic&quot;}\">\n\t\t\t<div class=\"elementor-column-wrap elementor-element-populated\">\n\t\t\t\t\t\t\t<div class=\"elementor-widget-wrap\">\n\t\t\t\t\t\t<div class=\"elementor-element elementor-element-dc06231 elementor-widget elementor-widget-spacer\" data-id=\"dc06231\" data-element_type=\"widget\" data-widget_type=\"spacer.default\">\n\t\t\t\t<div class=\"elementor-widget-container\">\n\t\t\t\t\t<div class=\"elementor-spacer\">\n\t\t\t<div class=\"elementor-spacer-inner\"><\/div>\n\t\t<\/div>\n\t\t\t\t<\/div>\n\t\t\t\t<\/div>\n\t\t\t\t\t\t<\/div>\n\t\t\t\t\t<\/div>\n\t\t<\/div>\n\t\t\t\t<div class=\"elementor-column elementor-col-50 elementor-top-column elementor-element elementor-element-3fd907c\" data-id=\"3fd907c\" data-element_type=\"column\" data-settings=\"{&quot;background_background&quot;:&quot;classic&quot;}\">\n\t\t\t<div class=\"elementor-column-wrap elementor-element-populated\">\n\t\t\t\t\t\t\t<div class=\"elementor-widget-wrap\">\n\t\t\t\t\t\t<div class=\"elementor-element elementor-element-51b430d elementor-widget elementor-widget-spacer\" data-id=\"51b430d\" data-element_type=\"widget\" data-widget_type=\"spacer.default\">\n\t\t\t\t<div class=\"elementor-widget-container\">\n\t\t\t\t\t<div class=\"elementor-spacer\">\n\t\t\t<div class=\"elementor-spacer-inner\"><\/div>\n\t\t<\/div>\n\t\t\t\t<\/div>\n\t\t\t\t<\/div>\n\t\t\t\t<div class=\"elementor-element elementor-element-58026a6 aleft elementor-widget elementor-widget-wgl-double-headings\" data-id=\"58026a6\" data-element_type=\"widget\" data-widget_type=\"wgl-double-headings.default\">\n\t\t\t\t<div class=\"elementor-widget-container\">\n\t\t\t<div class=\"wgl-double_heading\"><div class=\"dbl__subtitle\"><span>AVANTAGES<\/span><\/div><h3 class=\"dbl__title-wrapper\"><span class=\"dbl__title\">Les points forts de Lotus3D Lab<\/span><\/h3><\/div>\t\t<\/div>\n\t\t\t\t<\/div>\n\t\t\t\t<div class=\"elementor-element elementor-element-825ecbf elementor-view-stacked aleft has-font elementor-widget-icon-box wgl-icon-box elementor-shape-circle elementor-widget elementor-widget-wgl-info-box\" data-id=\"825ecbf\" data-element_type=\"widget\" data-widget_type=\"wgl-info-box.default\">\n\t\t\t\t<div class=\"elementor-widget-container\">\n\t\t\t<a  class=\"wgl-infobox  wgl-layout-left\"><div class=\"media-wrapper icon-wrapper\"><span class=\"wgl-icon\" ><i class=\"icon elementor-icon flaticon flaticon-correct\" aria-hidden=\"true\"><\/i><\/span><\/div><div class=\"wgl-infobox_wrapper\"><div class=\"wgl-infobox-title_wrapper\"><\/div><div class=\"content_wrapper\"><div class=\"wgl-infobox_content\"><p><span style=\"color: #ff6600;\"><strong>Donn\u00e9es spatiales et intuitives<\/strong><\/span><br \/><em>Les informations prennent forme dans un espace 3D interactif, visibles, reli\u00e9es et manipulables.<\/em><\/p><\/div><\/div><\/div><\/a>\t\t<\/div>\n\t\t\t\t<\/div>\n\t\t\t\t<div class=\"elementor-element elementor-element-8120a64 elementor-view-stacked aleft has-font elementor-widget-icon-box wgl-icon-box elementor-shape-circle elementor-widget elementor-widget-wgl-info-box\" data-id=\"8120a64\" data-element_type=\"widget\" data-widget_type=\"wgl-info-box.default\">\n\t\t\t\t<div class=\"elementor-widget-container\">\n\t\t\t<a  class=\"wgl-infobox  wgl-layout-left\"><div class=\"media-wrapper icon-wrapper\"><span class=\"wgl-icon\" ><i class=\"icon elementor-icon flaticon flaticon-correct\" aria-hidden=\"true\"><\/i><\/span><\/div><div class=\"wgl-infobox_wrapper\"><div class=\"wgl-infobox-title_wrapper\"><\/div><div class=\"content_wrapper\"><div class=\"wgl-infobox_content\"><p><span style=\"color: #ff6600;\"><strong>Intelligence int\u00e9gr\u00e9e et contextuelle<\/strong><\/span><br \/>L\u2019environnement r\u00e9agit de fa\u00e7on contextuelle : affichages, animations et comportements pilot\u00e9s par la logique du syst\u00e8me.<\/p><\/div><\/div><\/div><\/a>\t\t<\/div>\n\t\t\t\t<\/div>\n\t\t\t\t<div class=\"elementor-element elementor-element-4279d28 elementor-view-stacked aleft has-font elementor-widget-icon-box wgl-icon-box elementor-shape-circle elementor-widget elementor-widget-wgl-info-box\" data-id=\"4279d28\" data-element_type=\"widget\" data-widget_type=\"wgl-info-box.default\">\n\t\t\t\t<div class=\"elementor-widget-container\">\n\t\t\t<a  class=\"wgl-infobox  wgl-layout-left\"><div class=\"media-wrapper icon-wrapper\"><span class=\"wgl-icon\" ><i class=\"icon elementor-icon flaticon flaticon-correct\" aria-hidden=\"true\"><\/i><\/span><\/div><div class=\"wgl-infobox_wrapper\"><div class=\"wgl-infobox-title_wrapper\"><\/div><div class=\"content_wrapper\"><div class=\"wgl-infobox_content\"><p><span style=\"color: #ff6600;\"><strong>Interaction fluide et intuitive<\/strong><\/span><br \/><em>L\u2019utilisateur agit directement sur les objets, explore, filtre et comprend la donn\u00e9e par l\u2019exp\u00e9rience visuelle.<\/em><\/p><\/div><\/div><\/div><\/a>\t\t<\/div>\n\t\t\t\t<\/div>\n\t\t\t\t<div class=\"elementor-element elementor-element-6c949ca elementor-view-stacked aleft has-font elementor-widget-icon-box wgl-icon-box elementor-shape-circle elementor-widget elementor-widget-wgl-info-box\" data-id=\"6c949ca\" data-element_type=\"widget\" data-widget_type=\"wgl-info-box.default\">\n\t\t\t\t<div class=\"elementor-widget-container\">\n\t\t\t<a  class=\"wgl-infobox  wgl-layout-left\"><div class=\"media-wrapper icon-wrapper\"><span class=\"wgl-icon\" ><i class=\"icon elementor-icon flaticon flaticon-correct\" aria-hidden=\"true\"><\/i><\/span><\/div><div class=\"wgl-infobox_wrapper\"><div class=\"wgl-infobox-title_wrapper\"><\/div><div class=\"content_wrapper\"><div class=\"wgl-infobox_content\"><p><strong><span style=\"color: #ff6600;\">Dynamique et connect\u00e9 aux donn\u00e9es<\/span><\/strong><br \/><em>Les objets 3D sont g\u00e9n\u00e9r\u00e9s, distribu\u00e9s et anim\u00e9s automatiquement depuis la base en temps r\u00e9el.<\/em><\/p><\/div><\/div><\/div><\/a>\t\t<\/div>\n\t\t\t\t<\/div>\n\t\t\t\t<div class=\"elementor-element elementor-element-d68782d elementor-view-stacked aleft has-font elementor-widget-icon-box wgl-icon-box elementor-shape-circle elementor-widget elementor-widget-wgl-info-box\" data-id=\"d68782d\" data-element_type=\"widget\" data-widget_type=\"wgl-info-box.default\">\n\t\t\t\t<div class=\"elementor-widget-container\">\n\t\t\t<a  class=\"wgl-infobox  wgl-layout-left\"><div class=\"media-wrapper icon-wrapper\"><span class=\"wgl-icon\" ><i class=\"icon elementor-icon flaticon flaticon-correct\" aria-hidden=\"true\"><\/i><\/span><\/div><div class=\"wgl-infobox_wrapper\"><div class=\"wgl-infobox-title_wrapper\"><\/div><div class=\"content_wrapper\"><div class=\"wgl-infobox_content\"><p><strong><span style=\"color: #ff6600;\">Fusion entre technologie et cognition<\/span><\/strong><br \/><em>Une approche o\u00f9 la technique s\u2019efface au profit d\u2019une compr\u00e9hension claire, visuelle et naturelle des syst\u00e8mes complexes.<\/em><\/p><\/div><\/div><\/div><\/a>\t\t<\/div>\n\t\t\t\t<\/div>\n\t\t\t\t<div class=\"elementor-element elementor-element-6b10615 elementor-widget elementor-widget-spacer\" data-id=\"6b10615\" data-element_type=\"widget\" data-widget_type=\"spacer.default\">\n\t\t\t\t<div class=\"elementor-widget-container\">\n\t\t\t\t\t<div class=\"elementor-spacer\">\n\t\t\t<div class=\"elementor-spacer-inner\"><\/div>\n\t\t<\/div>\n\t\t\t\t<\/div>\n\t\t\t\t<\/div>\n\t\t\t\t\t\t<\/div>\n\t\t\t\t\t<\/div>\n\t\t<\/div>\n\t\t\t\t\t\t\t\t<\/div>\n\t\t\t\t\t<\/div>\n\t\t<\/section>\n\t\t\t\t<section class=\"elementor-section elementor-top-section elementor-element elementor-element-fa9658e elementor-section-boxed elementor-section-height-default elementor-section-height-default\" data-id=\"fa9658e\" data-element_type=\"section\">\n\t\t\t\t\t\t<div class=\"elementor-container elementor-column-gap-default\">\n\t\t\t\t\t\t\t<div class=\"elementor-row\">\n\t\t\t\t\t<div class=\"elementor-column elementor-col-100 elementor-top-column elementor-element elementor-element-df884fd\" data-id=\"df884fd\" data-element_type=\"column\">\n\t\t\t<div class=\"elementor-column-wrap elementor-element-populated\">\n\t\t\t\t\t\t\t<div class=\"elementor-widget-wrap\">\n\t\t\t\t\t\t<div class=\"elementor-element elementor-element-7bc8e0b elementor-widget elementor-widget-spacer\" data-id=\"7bc8e0b\" data-element_type=\"widget\" data-widget_type=\"spacer.default\">\n\t\t\t\t<div class=\"elementor-widget-container\">\n\t\t\t\t\t<div class=\"elementor-spacer\">\n\t\t\t<div class=\"elementor-spacer-inner\"><\/div>\n\t\t<\/div>\n\t\t\t\t<\/div>\n\t\t\t\t<\/div>\n\t\t\t\t\t\t<\/div>\n\t\t\t\t\t<\/div>\n\t\t<\/div>\n\t\t\t\t\t\t\t\t<\/div>\n\t\t\t\t\t<\/div>\n\t\t<\/section>\n\t\t\t\t\t\t<\/div>\n\t\t\t\t\t\t<\/div>\n\t\t\t\t\t<\/div>\n\t\t","protected":false},"excerpt":{"rendered":"<p>NOS PLATEFORMES Explorer la donn\u00e9e dans l\u2019espace et le mouvement LOTUS3D est le laboratoire 3D de Visium360, d\u00e9di\u00e9 \u00e0 la recherche et \u00e0 l\u2019exp\u00e9rimentation autour de la gestion spatiale, visuelle et comportementale des donn\u00e9es. Notre objectif : transformer les syst\u00e8mes d\u2019information traditionnels en \u00e9cosyst\u00e8mes vivants, o\u00f9 chaque donn\u00e9e devient un objet interactif, anim\u00e9 et contextuel. [&hellip;]<\/p>\n","protected":false},"author":1,"featured_media":0,"parent":0,"menu_order":0,"comment_status":"open","ping_status":"closed","template":"","meta":{"footnotes":""},"class_list":["post-6699","page","type-page","status-publish","hentry"],"_links":{"self":[{"href":"https:\/\/visium360.fr\/index.php\/wp-json\/wp\/v2\/pages\/6699","targetHints":{"allow":["GET"]}}],"collection":[{"href":"https:\/\/visium360.fr\/index.php\/wp-json\/wp\/v2\/pages"}],"about":[{"href":"https:\/\/visium360.fr\/index.php\/wp-json\/wp\/v2\/types\/page"}],"author":[{"embeddable":true,"href":"https:\/\/visium360.fr\/index.php\/wp-json\/wp\/v2\/users\/1"}],"replies":[{"embeddable":true,"href":"https:\/\/visium360.fr\/index.php\/wp-json\/wp\/v2\/comments?post=6699"}],"version-history":[{"count":25,"href":"https:\/\/visium360.fr\/index.php\/wp-json\/wp\/v2\/pages\/6699\/revisions"}],"predecessor-version":[{"id":6732,"href":"https:\/\/visium360.fr\/index.php\/wp-json\/wp\/v2\/pages\/6699\/revisions\/6732"}],"wp:attachment":[{"href":"https:\/\/visium360.fr\/index.php\/wp-json\/wp\/v2\/media?parent=6699"}],"curies":[{"name":"wp","href":"https:\/\/api.w.org\/{rel}","templated":true}]}}