{"id":5634,"date":"2021-12-20T14:02:09","date_gmt":"2021-12-20T13:02:09","guid":{"rendered":"https:\/\/visium360.fr\/?page_id=5634"},"modified":"2021-12-23T17:20:13","modified_gmt":"2021-12-23T16:20:13","slug":"offers-us","status":"publish","type":"page","link":"https:\/\/visium360.fr\/index.php\/offers-us\/","title":{"rendered":"Offers (US)"},"content":{"rendered":"\t\t<div data-elementor-type=\"wp-page\" data-elementor-id=\"5634\" class=\"elementor elementor-5634\" data-elementor-settings=\"[]\">\n\t\t\t\t\t\t<div class=\"elementor-inner\">\n\t\t\t\t\t\t\t<div class=\"elementor-section-wrap\">\n\t\t\t\t\t\t\t<section class=\"elementor-section elementor-top-section elementor-element elementor-element-fa9658e elementor-section-boxed elementor-section-height-default elementor-section-height-default\" data-id=\"fa9658e\" data-element_type=\"section\">\n\t\t\t\t\t\t<div class=\"elementor-container elementor-column-gap-default\">\n\t\t\t\t\t\t\t<div class=\"elementor-row\">\n\t\t\t\t\t<div class=\"elementor-column elementor-col-100 elementor-top-column elementor-element elementor-element-df884fd\" data-id=\"df884fd\" data-element_type=\"column\">\n\t\t\t<div class=\"elementor-column-wrap elementor-element-populated\">\n\t\t\t\t\t\t\t<div class=\"elementor-widget-wrap\">\n\t\t\t\t\t\t<div class=\"elementor-element elementor-element-7bc8e0b elementor-widget elementor-widget-spacer\" data-id=\"7bc8e0b\" data-element_type=\"widget\" data-widget_type=\"spacer.default\">\n\t\t\t\t<div class=\"elementor-widget-container\">\n\t\t\t\t\t<div class=\"elementor-spacer\">\n\t\t\t<div class=\"elementor-spacer-inner\"><\/div>\n\t\t<\/div>\n\t\t\t\t<\/div>\n\t\t\t\t<\/div>\n\t\t\t\t\t\t<\/div>\n\t\t\t\t\t<\/div>\n\t\t<\/div>\n\t\t\t\t\t\t\t\t<\/div>\n\t\t\t\t\t<\/div>\n\t\t<\/section>\n\t\t\t\t<section class=\"elementor-section elementor-inner-section elementor-element elementor-element-15020749 elementor-section-boxed elementor-section-height-default elementor-section-height-default\" data-id=\"15020749\" data-element_type=\"section\">\n\t\t\t\t\t\t<div class=\"elementor-container elementor-column-gap-default\">\n\t\t\t\t\t\t\t<div class=\"elementor-row\">\n\t\t\t\t\t<div class=\"elementor-column elementor-col-16 elementor-inner-column elementor-element elementor-element-779c460\" data-id=\"779c460\" data-element_type=\"column\">\n\t\t\t<div class=\"elementor-column-wrap\">\n\t\t\t\t\t\t\t<div class=\"elementor-widget-wrap\">\n\t\t\t\t\t\t\t\t<\/div>\n\t\t\t\t\t<\/div>\n\t\t<\/div>\n\t\t\t\t<div class=\"elementor-column elementor-col-66 elementor-inner-column elementor-element elementor-element-15e033f\" data-id=\"15e033f\" data-element_type=\"column\">\n\t\t\t<div class=\"elementor-column-wrap elementor-element-populated\">\n\t\t\t\t\t\t\t<div class=\"elementor-widget-wrap\">\n\t\t\t\t\t\t<div class=\"elementor-element elementor-element-33e947af acenter elementor-widget elementor-widget-wgl-double-headings\" data-id=\"33e947af\" data-element_type=\"widget\" data-widget_type=\"wgl-double-headings.default\">\n\t\t\t\t<div class=\"elementor-widget-container\">\n\t\t\t<div class=\"wgl-double_heading\"><div class=\"dbl__subtitle\"><span>Ce que nous offrons<\/span><\/div><h3 class=\"dbl__title-wrapper\"><span class=\"dbl__title\">Pr\u00e9sentation de nos plateformes<\/span><\/h3><\/div>\t\t<\/div>\n\t\t\t\t<\/div>\n\t\t\t\t<div class=\"elementor-element elementor-element-6eb216c4 elementor-widget elementor-widget-text-editor\" data-id=\"6eb216c4\" data-element_type=\"widget\" data-widget_type=\"text-editor.default\">\n\t\t\t\t<div class=\"elementor-widget-container\">\n\t\t\t\t\t\t\t\t<div class=\"elementor-text-editor elementor-clearfix\">\n\t\t\t\t<p>Notre sp\u00e9cialit\u00e9 visuelle permet de mettre en place des processus m\u00e9tiers comportant des complexit\u00e9s administratives et des environnements g\u00e9olocalis\u00e9s <br \/>offrant une vision d&#8217;ensemble cartographique.<\/p><p>Nous intervenons dans des domaines tr\u00e8s vari\u00e9s comme par exemple, le parcours m\u00e9dical des patients atteints du Cancer, l&#8217;organisation RH du CEA,\u00a0 l&#8217;accueil administratif des \u00e9tudiants internationaux,\u00a0 la pr\u00e9servation du patrimoine culturel du Domaine Ch\u00e2teau de Versailles, ou la gestion du d\u00e9ploiement des r\u00e9seaux optiques du Plateau de Saclay.<\/p>\t\t\t\t\t<\/div>\n\t\t\t\t\t\t<\/div>\n\t\t\t\t<\/div>\n\t\t\t\t\t\t<\/div>\n\t\t\t\t\t<\/div>\n\t\t<\/div>\n\t\t\t\t<div class=\"elementor-column elementor-col-16 elementor-inner-column elementor-element elementor-element-5859eb6a\" data-id=\"5859eb6a\" data-element_type=\"column\">\n\t\t\t<div class=\"elementor-column-wrap\">\n\t\t\t\t\t\t\t<div class=\"elementor-widget-wrap\">\n\t\t\t\t\t\t\t\t<\/div>\n\t\t\t\t\t<\/div>\n\t\t<\/div>\n\t\t\t\t\t\t\t\t<\/div>\n\t\t\t\t\t<\/div>\n\t\t<\/section>\n\t\t\t\t<section class=\"elementor-section elementor-inner-section elementor-element elementor-element-33a1207 elementor-section-boxed elementor-section-height-default elementor-section-height-default\" data-id=\"33a1207\" data-element_type=\"section\">\n\t\t\t\t\t\t<div class=\"elementor-container elementor-column-gap-extended\">\n\t\t\t\t\t\t\t<div class=\"elementor-row\">\n\t\t\t\t\t<div class=\"elementor-column elementor-col-33 elementor-inner-column elementor-element elementor-element-5fba534a\" data-id=\"5fba534a\" data-element_type=\"column\">\n\t\t\t<div class=\"elementor-column-wrap elementor-element-populated\">\n\t\t\t\t\t\t\t<div class=\"elementor-widget-wrap\">\n\t\t\t\t\t\t<div class=\"elementor-element elementor-element-78da99f2 elementor-view-stacked animation_toggling aleft has-font elementor-widget-icon-box wgl-icon-box elementor-shape-circle elementor-widget elementor-widget-wgl-info-box\" data-id=\"78da99f2\" data-element_type=\"widget\" data-widget_type=\"wgl-info-box.default\">\n\t\t\t\t<div class=\"elementor-widget-container\">\n\t\t\t<a href=\"https:\/\/visium360.fr\/index.php\/plateforme-pacem\/\" class=\"wgl-infobox  wgl-layout-top\"><div class=\"media-wrapper icon-wrapper\"><span class=\"wgl-icon\" ><i class=\"icon elementor-icon fas fa-globe\" aria-hidden=\"true\"><\/i><\/span><\/div><div class=\"wgl-infobox_wrapper\"><div class=\"wgl-infobox-title_wrapper\"><h3 class=\"wgl-infobox_title\">Notre plateforme Pacem360<\/h3><\/div><div class=\"content_wrapper\"><\/div><div class=\"wgl-infobox-button_wrapper\"><div  class=\"wgl-infobox_button button-read-more \"><i aria-hidden=\"true\" class=\"flaticon flaticon-long-next\"><\/i><\/div><\/div><\/div><\/a>\t\t<\/div>\n\t\t\t\t<\/div>\n\t\t\t\t<div class=\"elementor-element elementor-element-6473270a elementor-view-stacked animation_toggling aleft has-font elementor-widget-icon-box wgl-icon-box elementor-shape-circle elementor-widget elementor-widget-wgl-info-box\" data-id=\"6473270a\" data-element_type=\"widget\" data-widget_type=\"wgl-info-box.default\">\n\t\t\t\t<div class=\"elementor-widget-container\">\n\t\t\t<a href=\"https:\/\/visium360.fr\/index.php\/notre-plateforme-de-suivi-des-patients-atteints-du-cancer\/\" class=\"wgl-infobox  wgl-layout-top\"><div class=\"media-wrapper icon-wrapper\"><span class=\"wgl-icon\" ><i class=\"icon elementor-icon fas fa-laptop-medical\" aria-hidden=\"true\"><\/i><\/span><\/div><div class=\"wgl-infobox_wrapper\"><div class=\"wgl-infobox-title_wrapper\"><h3 class=\"wgl-infobox_title\">Notre plateforme Sherpa360<\/h3><\/div><div class=\"content_wrapper\"><\/div><div class=\"wgl-infobox-button_wrapper\"><div  class=\"wgl-infobox_button button-read-more \"><i aria-hidden=\"true\" class=\"flaticon flaticon-long-next\"><\/i><\/div><\/div><\/div><\/a>\t\t<\/div>\n\t\t\t\t<\/div>\n\t\t\t\t\t\t<\/div>\n\t\t\t\t\t<\/div>\n\t\t<\/div>\n\t\t\t\t<div class=\"elementor-column elementor-col-33 elementor-inner-column elementor-element elementor-element-73e0735a\" data-id=\"73e0735a\" data-element_type=\"column\">\n\t\t\t<div class=\"elementor-column-wrap elementor-element-populated\">\n\t\t\t\t\t\t\t<div class=\"elementor-widget-wrap\">\n\t\t\t\t\t\t<div class=\"elementor-element elementor-element-26aa6331 elementor-view-stacked animation_toggling aleft has-font elementor-widget-icon-box wgl-icon-box elementor-shape-circle elementor-widget elementor-widget-wgl-info-box\" data-id=\"26aa6331\" data-element_type=\"widget\" data-widget_type=\"wgl-info-box.default\">\n\t\t\t\t<div class=\"elementor-widget-container\">\n\t\t\t<a href=\"https:\/\/visium360.fr\/index.php\/la-plateforme-mosaic360-et-notre-quete-du-visuel\/\" class=\"wgl-infobox  wgl-layout-top\"><div class=\"media-wrapper icon-wrapper\"><span class=\"wgl-icon\" ><i class=\"icon elementor-icon far fa-eye\" aria-hidden=\"true\"><\/i><\/span><\/div><div class=\"wgl-infobox_wrapper\"><div class=\"wgl-infobox-title_wrapper\"><h3 class=\"wgl-infobox_title\">Notre plateforme Mosa\u00efc360<\/h3><\/div><div class=\"content_wrapper\"><\/div><div class=\"wgl-infobox-button_wrapper\"><div  class=\"wgl-infobox_button button-read-more \"><i aria-hidden=\"true\" class=\"flaticon flaticon-long-next\"><\/i><\/div><\/div><\/div><\/a>\t\t<\/div>\n\t\t\t\t<\/div>\n\t\t\t\t<div class=\"elementor-element elementor-element-5f1e60e6 elementor-view-stacked animation_toggling aleft has-font elementor-widget-icon-box wgl-icon-box elementor-shape-circle elementor-widget elementor-widget-wgl-info-box\" data-id=\"5f1e60e6\" data-element_type=\"widget\" data-widget_type=\"wgl-info-box.default\">\n\t\t\t\t<div class=\"elementor-widget-container\">\n\t\t\t<a href=\"https:\/\/visium360.fr\/index.php\/notre-plateforme-de-formalisation-de-processus\/\" class=\"wgl-infobox  wgl-layout-top\"><div class=\"media-wrapper icon-wrapper\"><span class=\"wgl-icon\" ><i class=\"icon elementor-icon fas fa-cogs\" aria-hidden=\"true\"><\/i><\/span><\/div><div class=\"wgl-infobox_wrapper\"><div class=\"wgl-infobox-title_wrapper\"><h3 class=\"wgl-infobox_title\">Notre plateforme Coach360<\/h3><\/div><div class=\"content_wrapper\"><\/div><div class=\"wgl-infobox-button_wrapper\"><div  class=\"wgl-infobox_button button-read-more \"><i aria-hidden=\"true\" class=\"flaticon flaticon-long-next\"><\/i><\/div><\/div><\/div><\/a>\t\t<\/div>\n\t\t\t\t<\/div>\n\t\t\t\t\t\t<\/div>\n\t\t\t\t\t<\/div>\n\t\t<\/div>\n\t\t\t\t<div class=\"elementor-column elementor-col-33 elementor-inner-column elementor-element elementor-element-107d7985\" data-id=\"107d7985\" data-element_type=\"column\">\n\t\t\t<div class=\"elementor-column-wrap elementor-element-populated\">\n\t\t\t\t\t\t\t<div class=\"elementor-widget-wrap\">\n\t\t\t\t\t\t<div class=\"elementor-element elementor-element-5621cd48 elementor-view-stacked animation_toggling elementor-widget-tablet__width-initial elementor-widget-mobile__width-inherit aleft has-font elementor-widget-icon-box wgl-icon-box elementor-shape-circle elementor-widget elementor-widget-wgl-info-box\" data-id=\"5621cd48\" data-element_type=\"widget\" data-widget_type=\"wgl-info-box.default\">\n\t\t\t\t<div class=\"elementor-widget-container\">\n\t\t\t<a href=\"https:\/\/visium360.fr\/index.php\/notre-plateforme-de-visualisation-dindicateurs\/\" class=\"wgl-infobox  wgl-layout-top\"><div class=\"media-wrapper icon-wrapper\"><span class=\"wgl-icon\" ><i class=\"icon elementor-icon fab fa-galactic-republic\" aria-hidden=\"true\"><\/i><\/span><\/div><div class=\"wgl-infobox_wrapper\"><div class=\"wgl-infobox-title_wrapper\"><h3 class=\"wgl-infobox_title\">Notre plateforme Lotus360<\/h3><\/div><div class=\"content_wrapper\"><\/div><div class=\"wgl-infobox-button_wrapper\"><div  class=\"wgl-infobox_button button-read-more \"><i aria-hidden=\"true\" class=\"flaticon flaticon-long-next\"><\/i><\/div><\/div><\/div><\/a>\t\t<\/div>\n\t\t\t\t<\/div>\n\t\t\t\t<div class=\"elementor-element elementor-element-12d62c92 elementor-view-stacked animation_toggling elementor-widget-tablet__width-initial elementor-widget-mobile__width-inherit aleft has-font elementor-widget-icon-box wgl-icon-box elementor-shape-circle elementor-widget elementor-widget-wgl-info-box\" data-id=\"12d62c92\" data-element_type=\"widget\" data-widget_type=\"wgl-info-box.default\">\n\t\t\t\t<div class=\"elementor-widget-container\">\n\t\t\t<a href=\"https:\/\/visium360.fr\/index.php\/notre-plateforme-de-gestion-des-infrastructures-geolocalisees\/\" class=\"wgl-infobox  wgl-layout-top\"><div class=\"media-wrapper icon-wrapper\"><span class=\"wgl-icon\" ><i class=\"icon elementor-icon fas fa-map-marked-alt\" aria-hidden=\"true\"><\/i><\/span><\/div><div class=\"wgl-infobox_wrapper\"><div class=\"wgl-infobox-title_wrapper\"><h3 class=\"wgl-infobox_title\">Notre plateforme Infra360<\/h3><\/div><div class=\"content_wrapper\"><\/div><div class=\"wgl-infobox-button_wrapper\"><div  class=\"wgl-infobox_button button-read-more \"><i aria-hidden=\"true\" class=\"flaticon flaticon-long-next\"><\/i><\/div><\/div><\/div><\/a>\t\t<\/div>\n\t\t\t\t<\/div>\n\t\t\t\t\t\t<\/div>\n\t\t\t\t\t<\/div>\n\t\t<\/div>\n\t\t\t\t\t\t\t\t<\/div>\n\t\t\t\t\t<\/div>\n\t\t<\/section>\n\t\t\t\t<section class=\"elementor-section elementor-inner-section elementor-element elementor-element-7b2bb22a elementor-section-boxed elementor-section-height-default elementor-section-height-default\" data-id=\"7b2bb22a\" data-element_type=\"section\">\n\t\t\t\t\t\t<div class=\"elementor-container elementor-column-gap-default\">\n\t\t\t\t\t\t\t<div class=\"elementor-row\">\n\t\t\t\t\t<div class=\"elementor-column elementor-col-16 elementor-inner-column elementor-element elementor-element-624705a6\" data-id=\"624705a6\" data-element_type=\"column\">\n\t\t\t<div class=\"elementor-column-wrap\">\n\t\t\t\t\t\t\t<div class=\"elementor-widget-wrap\">\n\t\t\t\t\t\t\t\t<\/div>\n\t\t\t\t\t<\/div>\n\t\t<\/div>\n\t\t\t\t<div class=\"elementor-column elementor-col-66 elementor-inner-column elementor-element elementor-element-358ed42f\" data-id=\"358ed42f\" data-element_type=\"column\">\n\t\t\t<div class=\"elementor-column-wrap elementor-element-populated\">\n\t\t\t\t\t\t\t<div class=\"elementor-widget-wrap\">\n\t\t\t\t\t\t<div class=\"elementor-element elementor-element-16bf150 elementor-widget elementor-widget-spacer\" data-id=\"16bf150\" data-element_type=\"widget\" data-widget_type=\"spacer.default\">\n\t\t\t\t<div class=\"elementor-widget-container\">\n\t\t\t\t\t<div class=\"elementor-spacer\">\n\t\t\t<div class=\"elementor-spacer-inner\"><\/div>\n\t\t<\/div>\n\t\t\t\t<\/div>\n\t\t\t\t<\/div>\n\t\t\t\t<div class=\"elementor-element elementor-element-d76bef1 acenter elementor-widget elementor-widget-wgl-double-headings\" data-id=\"d76bef1\" data-element_type=\"widget\" data-widget_type=\"wgl-double-headings.default\">\n\t\t\t\t<div class=\"elementor-widget-container\">\n\t\t\t<div class=\"wgl-double_heading\"><div class=\"dbl__subtitle\"><span>What we offer<\/span><\/div><h3 class=\"dbl__title-wrapper\"><span class=\"dbl__title\">Presentation of other services<\/span><\/h3><\/div>\t\t<\/div>\n\t\t\t\t<\/div>\n\t\t\t\t<div class=\"elementor-element elementor-element-3c1bcec2 elementor-widget elementor-widget-text-editor\" data-id=\"3c1bcec2\" data-element_type=\"widget\" data-widget_type=\"text-editor.default\">\n\t\t\t\t<div class=\"elementor-widget-container\">\n\t\t\t\t\t\t\t\t<div class=\"elementor-text-editor elementor-clearfix\">\n\t\t\t\t<p>Texte \u00e0 d\u00e9finir<\/p>\t\t\t\t\t<\/div>\n\t\t\t\t\t\t<\/div>\n\t\t\t\t<\/div>\n\t\t\t\t\t\t<\/div>\n\t\t\t\t\t<\/div>\n\t\t<\/div>\n\t\t\t\t<div class=\"elementor-column elementor-col-16 elementor-inner-column elementor-element elementor-element-39750768\" data-id=\"39750768\" data-element_type=\"column\">\n\t\t\t<div class=\"elementor-column-wrap\">\n\t\t\t\t\t\t\t<div class=\"elementor-widget-wrap\">\n\t\t\t\t\t\t\t\t<\/div>\n\t\t\t\t\t<\/div>\n\t\t<\/div>\n\t\t\t\t\t\t\t\t<\/div>\n\t\t\t\t\t<\/div>\n\t\t<\/section>\n\t\t\t\t<section class=\"elementor-section elementor-top-section elementor-element elementor-element-65e01990 elementor-section-boxed elementor-section-height-default elementor-section-height-default\" data-id=\"65e01990\" data-element_type=\"section\">\n\t\t\t\t\t\t<div class=\"elementor-container elementor-column-gap-extended\">\n\t\t\t\t\t\t\t<div class=\"elementor-row\">\n\t\t\t\t\t<div class=\"elementor-column elementor-col-33 elementor-top-column elementor-element elementor-element-3882314d\" data-id=\"3882314d\" data-element_type=\"column\">\n\t\t\t<div class=\"elementor-column-wrap\">\n\t\t\t\t\t\t\t<div class=\"elementor-widget-wrap\">\n\t\t\t\t\t\t\t\t<\/div>\n\t\t\t\t\t<\/div>\n\t\t<\/div>\n\t\t\t\t<div class=\"elementor-column elementor-col-33 elementor-top-column elementor-element elementor-element-109c184e\" data-id=\"109c184e\" data-element_type=\"column\">\n\t\t\t<div class=\"elementor-column-wrap elementor-element-populated\">\n\t\t\t\t\t\t\t<div class=\"elementor-widget-wrap\">\n\t\t\t\t\t\t<div class=\"elementor-element elementor-element-8592640 elementor-widget elementor-widget-heading\" data-id=\"8592640\" data-element_type=\"widget\" data-widget_type=\"heading.default\">\n\t\t\t\t<div class=\"elementor-widget-container\">\n\t\t\t<h2 class=\"elementor-heading-title elementor-size-default\">We support you at all times<\/h2>\t\t<\/div>\n\t\t\t\t<\/div>\n\t\t\t\t<div class=\"elementor-element elementor-element-79d1231e has-font elementor-widget-icon-box wgl-icon-box elementor-widget elementor-widget-wgl-flipbox\" data-id=\"79d1231e\" data-element_type=\"widget\" data-widget_type=\"wgl-flipbox.default\">\n\t\t\t\t<div class=\"elementor-widget-container\">\n\t\t\t        <div class=\"wgl-flipbox type_flip_right\">\n            <div  class=\"wgl-flipbox_wrap\">\n                <div class=\"wgl-flipbox_front\">                    <div class=\"wgl-flipbox_media-wrap\"><div class=\"media-wrapper icon-wrapper\"><span class=\"wgl-icon\" ><i class=\"icon elementor-icon fas fa-handshake\" aria-hidden=\"true\"><\/i><\/span><\/div>                    <\/div>                        <h3 class=\"wgl-flipbox_title\">Advice and methodologies<\/h3><div class=\"wgl-flipbox_button-wrap\"><div class=\"wgl-flipbox_item-link button-read-more icon-position-left\"><i aria-hidden=\"true\" class=\"flaticon-long-next\"><\/i><span><\/span><\/div><\/div>                <\/div>\n                <div class=\"wgl-flipbox_back\">                        <div class=\"wgl-flipbox_content\">Partnerships are important so we're here to support you for the long term. We're never judgmental because we understand on a human level.<\/div>                <\/div>\n            <\/div>\n        <\/div>\n\n        \t\t<\/div>\n\t\t\t\t<\/div>\n\t\t\t\t\t\t<\/div>\n\t\t\t\t\t<\/div>\n\t\t<\/div>\n\t\t\t\t<div class=\"elementor-column elementor-col-33 elementor-top-column elementor-element elementor-element-ecebfbd\" data-id=\"ecebfbd\" data-element_type=\"column\">\n\t\t\t<div class=\"elementor-column-wrap elementor-element-populated\">\n\t\t\t\t\t\t\t<div class=\"elementor-widget-wrap\">\n\t\t\t\t\t\t<div class=\"elementor-element elementor-element-3cf6dd1 has-font elementor-widget-icon-box wgl-icon-box elementor-widget elementor-widget-wgl-flipbox\" data-id=\"3cf6dd1\" data-element_type=\"widget\" data-widget_type=\"wgl-flipbox.default\">\n\t\t\t\t<div class=\"elementor-widget-container\">\n\t\t\t        <div class=\"wgl-flipbox type_flip_right\">\n            <div  class=\"wgl-flipbox_wrap\">\n                <div class=\"wgl-flipbox_front\">                    <div class=\"wgl-flipbox_media-wrap\"><div class=\"media-wrapper icon-wrapper\"><span class=\"wgl-icon\" ><i class=\"icon elementor-icon fas fa-headphones\" aria-hidden=\"true\"><\/i><\/span><\/div>                    <\/div>                        <h3 class=\"wgl-flipbox_title\">TMA assistance<\/h3><div class=\"wgl-flipbox_button-wrap\"><div class=\"wgl-flipbox_item-link button-read-more icon-position-left\"><i aria-hidden=\"true\" class=\"flaticon-long-next\"><\/i><span><\/span><\/div><\/div>                <\/div>\n                <div class=\"wgl-flipbox_back\">                        <div class=\"wgl-flipbox_content\"><p><span>Visium360 provides its Customers with a platform for submitting and monitoring the execution of their requests...<\/span><\/p><p><strong><a href=\"https:\/\/visium360.fr\/index.php\/espace-tma\/\">Learn more ...<\/a><\/strong><\/p><\/div>                <\/div>\n            <\/div>\n        <\/div>\n\n        \t\t<\/div>\n\t\t\t\t<\/div>\n\t\t\t\t\t\t<\/div>\n\t\t\t\t\t<\/div>\n\t\t<\/div>\n\t\t\t\t\t\t\t\t<\/div>\n\t\t\t\t\t<\/div>\n\t\t<\/section>\n\t\t\t\t\t\t<\/div>\n\t\t\t\t\t\t<\/div>\n\t\t\t\t\t<\/div>\n\t\t","protected":false},"excerpt":{"rendered":"<p>Ce que nous offrons Pr\u00e9sentation de nos plateformes Notre sp\u00e9cialit\u00e9 visuelle permet de mettre en place des processus m\u00e9tiers comportant des complexit\u00e9s administratives et des environnements g\u00e9olocalis\u00e9s offrant une vision d&#8217;ensemble cartographique. Nous intervenons dans des domaines tr\u00e8s vari\u00e9s comme par exemple, le parcours m\u00e9dical des patients atteints du Cancer, l&#8217;organisation RH du CEA,\u00a0 l&#8217;accueil [&hellip;]<\/p>\n","protected":false},"author":1,"featured_media":3399,"parent":0,"menu_order":0,"comment_status":"closed","ping_status":"closed","template":"","meta":{"footnotes":""},"class_list":["post-5634","page","type-page","status-publish","has-post-thumbnail","hentry"],"_links":{"self":[{"href":"https:\/\/visium360.fr\/index.php\/wp-json\/wp\/v2\/pages\/5634","targetHints":{"allow":["GET"]}}],"collection":[{"href":"https:\/\/visium360.fr\/index.php\/wp-json\/wp\/v2\/pages"}],"about":[{"href":"https:\/\/visium360.fr\/index.php\/wp-json\/wp\/v2\/types\/page"}],"author":[{"embeddable":true,"href":"https:\/\/visium360.fr\/index.php\/wp-json\/wp\/v2\/users\/1"}],"replies":[{"embeddable":true,"href":"https:\/\/visium360.fr\/index.php\/wp-json\/wp\/v2\/comments?post=5634"}],"version-history":[{"count":17,"href":"https:\/\/visium360.fr\/index.php\/wp-json\/wp\/v2\/pages\/5634\/revisions"}],"predecessor-version":[{"id":6169,"href":"https:\/\/visium360.fr\/index.php\/wp-json\/wp\/v2\/pages\/5634\/revisions\/6169"}],"wp:featuredmedia":[{"embeddable":true,"href":"https:\/\/visium360.fr\/index.php\/wp-json\/wp\/v2\/media\/3399"}],"wp:attachment":[{"href":"https:\/\/visium360.fr\/index.php\/wp-json\/wp\/v2\/media?parent=5634"}],"curies":[{"name":"wp","href":"https:\/\/api.w.org\/{rel}","templated":true}]}}