{"id":5618,"date":"2021-12-20T13:57:57","date_gmt":"2021-12-20T12:57:57","guid":{"rendered":"https:\/\/visium360.fr\/?page_id=5618"},"modified":"2021-12-24T11:13:37","modified_gmt":"2021-12-24T10:13:37","slug":"our-work-us","status":"publish","type":"page","link":"https:\/\/visium360.fr\/index.php\/our-work-us\/","title":{"rendered":"Our work (US)"},"content":{"rendered":"\t\t<div data-elementor-type=\"wp-page\" data-elementor-id=\"5618\" class=\"elementor elementor-5618\" data-elementor-settings=\"[]\">\n\t\t\t\t\t\t<div class=\"elementor-inner\">\n\t\t\t\t\t\t\t<div class=\"elementor-section-wrap\">\n\t\t\t\t\t\t\t<section class=\"elementor-section elementor-top-section elementor-element elementor-element-d943316 elementor-section-boxed elementor-section-height-default elementor-section-height-default\" data-id=\"d943316\" data-element_type=\"section\">\n\t\t\t\t\t\t<div class=\"elementor-container elementor-column-gap-default\">\n\t\t\t\t\t\t\t<div class=\"elementor-row\">\n\t\t\t\t\t<div class=\"elementor-column elementor-col-100 elementor-top-column elementor-element elementor-element-f888f24\" data-id=\"f888f24\" data-element_type=\"column\">\n\t\t\t<div class=\"elementor-column-wrap elementor-element-populated\">\n\t\t\t\t\t\t\t<div class=\"elementor-widget-wrap\">\n\t\t\t\t\t\t<div class=\"elementor-element elementor-element-7e02b1c acenter elementor-widget elementor-widget-wgl-double-headings\" data-id=\"7e02b1c\" data-element_type=\"widget\" data-widget_type=\"wgl-double-headings.default\">\n\t\t\t\t<div class=\"elementor-widget-container\">\n\t\t\t<div class=\"wgl-double_heading\"><div class=\"dbl__subtitle\"><span>PROJECTS<\/span><\/div><h3 class=\"dbl__title-wrapper\"><span class=\"dbl__title\">Presentation of some projects<\/span><\/h3><\/div>\t\t<\/div>\n\t\t\t\t<\/div>\n\t\t\t\t\t\t<\/div>\n\t\t\t\t\t<\/div>\n\t\t<\/div>\n\t\t\t\t\t\t\t\t<\/div>\n\t\t\t\t\t<\/div>\n\t\t<\/section>\n\t\t\t\t<section class=\"elementor-section elementor-top-section elementor-element elementor-element-a7df31c elementor-section-boxed elementor-section-height-default elementor-section-height-default\" data-id=\"a7df31c\" data-element_type=\"section\">\n\t\t\t\t\t\t<div class=\"elementor-container elementor-column-gap-default\">\n\t\t\t\t\t\t\t<div class=\"elementor-row\">\n\t\t\t\t\t<div class=\"elementor-column elementor-col-100 elementor-top-column elementor-element elementor-element-ddd4f98\" data-id=\"ddd4f98\" data-element_type=\"column\">\n\t\t\t<div class=\"elementor-column-wrap elementor-element-populated\">\n\t\t\t\t\t\t\t<div class=\"elementor-widget-wrap\">\n\t\t\t\t\t\t<div class=\"elementor-element elementor-element-6834102 elementor-widget elementor-widget-spacer\" data-id=\"6834102\" data-element_type=\"widget\" data-widget_type=\"spacer.default\">\n\t\t\t\t<div class=\"elementor-widget-container\">\n\t\t\t\t\t<div class=\"elementor-spacer\">\n\t\t\t<div class=\"elementor-spacer-inner\"><\/div>\n\t\t<\/div>\n\t\t\t\t<\/div>\n\t\t\t\t<\/div>\n\t\t\t\t\t\t<\/div>\n\t\t\t\t\t<\/div>\n\t\t<\/div>\n\t\t\t\t\t\t\t\t<\/div>\n\t\t\t\t\t<\/div>\n\t\t<\/section>\n\t\t\t\t<section class=\"elementor-section elementor-top-section elementor-element elementor-element-0c5fb5e elementor-section-boxed elementor-section-height-default elementor-section-height-default\" data-id=\"0c5fb5e\" data-element_type=\"section\">\n\t\t\t\t\t\t<div class=\"elementor-container elementor-column-gap-default\">\n\t\t\t\t\t\t\t<div class=\"elementor-row\">\n\t\t\t\t\t<div class=\"elementor-column elementor-col-100 elementor-top-column elementor-element elementor-element-cb4421b\" data-id=\"cb4421b\" data-element_type=\"column\">\n\t\t\t<div class=\"elementor-column-wrap elementor-element-populated\">\n\t\t\t\t\t\t\t<div class=\"elementor-widget-wrap\">\n\t\t\t\t\t\t<div class=\"elementor-element elementor-element-7b8bc57 elementor-widget elementor-widget-spacer\" data-id=\"7b8bc57\" data-element_type=\"widget\" data-widget_type=\"spacer.default\">\n\t\t\t\t<div class=\"elementor-widget-container\">\n\t\t\t\t\t<div class=\"elementor-spacer\">\n\t\t\t<div class=\"elementor-spacer-inner\"><\/div>\n\t\t<\/div>\n\t\t\t\t<\/div>\n\t\t\t\t<\/div>\n\t\t\t\t\t\t<\/div>\n\t\t\t\t\t<\/div>\n\t\t<\/div>\n\t\t\t\t\t\t\t\t<\/div>\n\t\t\t\t\t<\/div>\n\t\t<\/section>\n\t\t\t\t<section class=\"elementor-section elementor-top-section elementor-element elementor-element-d3efc3e elementor-section-boxed elementor-section-height-default elementor-section-height-default\" data-id=\"d3efc3e\" data-element_type=\"section\">\n\t\t\t\t\t\t<div class=\"elementor-container elementor-column-gap-default\">\n\t\t\t\t\t\t\t<div class=\"elementor-row\">\n\t\t\t\t\t<div class=\"elementor-column elementor-col-100 elementor-top-column elementor-element elementor-element-3c7eda1\" data-id=\"3c7eda1\" data-element_type=\"column\">\n\t\t\t<div class=\"elementor-column-wrap elementor-element-populated\">\n\t\t\t\t\t\t\t<div class=\"elementor-widget-wrap\">\n\t\t\t\t\t\t<div class=\"elementor-element elementor-element-0f6335c elementor-widget elementor-widget-spacer\" data-id=\"0f6335c\" data-element_type=\"widget\" data-widget_type=\"spacer.default\">\n\t\t\t\t<div class=\"elementor-widget-container\">\n\t\t\t\t\t<div class=\"elementor-spacer\">\n\t\t\t<div class=\"elementor-spacer-inner\"><\/div>\n\t\t<\/div>\n\t\t\t\t<\/div>\n\t\t\t\t<\/div>\n\t\t\t\t<div class=\"elementor-element elementor-element-8fe3c47 elementor-widget elementor-widget-wgl-portfolio\" data-id=\"8fe3c47\" data-element_type=\"widget\" data-widget_type=\"wgl-portfolio.default\">\n\t\t\t\t<div class=\"elementor-widget-container\">\n\t\t\t<section class=\"wgl_cpt_section\"><div class=\"wgl-portfolio\" id=\"portfolio_module_69e05d7e3fe93\"><div class=\"portfolio__filter isotope-filter filter-center\"><a href=\"#\" data-filter=\".item\" class=\"active\">All Works<span class=\"number_filter\"><\/span><\/a><a href=\"https:\/\/visium360.fr\/index.php\/portfolio-category\/culture\/\" data-filter=\".culture\">Culture<span class=\"number_filter\"><\/span><\/a><a href=\"https:\/\/visium360.fr\/index.php\/portfolio-category\/education\/\" data-filter=\".education\">Education<span class=\"number_filter\"><\/span><\/a><a href=\"https:\/\/visium360.fr\/index.php\/portfolio-category\/infrastructure\/\" data-filter=\".infrastructure\">Infrastructure<span class=\"number_filter\"><\/span><\/a><a href=\"https:\/\/visium360.fr\/index.php\/portfolio-category\/medical\/\" data-filter=\".medical\">M\u00e9dical<span class=\"number_filter\"><\/span><\/a><a href=\"https:\/\/visium360.fr\/index.php\/portfolio-category\/sciences\/\" data-filter=\".sciences\">Sciences<span class=\"number_filter\"><\/span><\/a><\/div><div class=\"wgl-portfolio_wrapper\"><div class=\"wgl-portfolio_container container-grid row isotope portfolio_columns-3 appear-animation anim-slide-top\"  style=\"margin-right:-15px; margin-left:-15px; margin-bottom:-30px;\"><article class=\"wgl-portfolio-list_item item wgl_col-4 sciences\"  style=\"padding-right:15px; padding-left:15px; padding-bottom:30px\"><div class=\"wgl-portfolio-item_wrapper under_image h_align_center\"><div class=\"wgl-portfolio-item_image\"><img decoding=\"async\" src=\"https:\/\/visium360.fr\/wp-content\/uploads\/2021\/01\/AdobeStock_318899558-1-scaled-740x740.jpeg\"  alt=\"\" \/><div class=\"overlay\"><\/div><a href='https:\/\/visium360.fr\/index.php\/portfolio\/digitalisation-processus-rh\/' target=\"_blank\"  class='portfolio_link single_link'><\/a><\/div><div class=\"wgl-portfolio-item_description\"><div class=\"portfolio__description\"><div class=\"portfolio__item-title\"><h4 class=\"title\"><a href=\"https:\/\/visium360.fr\/index.php\/portfolio\/digitalisation-processus-rh\/\" target=\"_blank\" >Digitalisation Processus RH<\/a><\/h4><\/div><div class=\"portfolio__item-meta\"><span class=\"post_cats\"><a href=https:\/\/visium360.fr\/index.php\/portfolio-category\/sciences\/ class=\"portfolio-category\">Sciences<\/a><\/span><\/div><\/div><\/div><\/div><\/article><article class=\"wgl-portfolio-list_item item wgl_col-4 culture\"  style=\"padding-right:15px; padding-left:15px; padding-bottom:30px\"><div class=\"wgl-portfolio-item_wrapper under_image h_align_center\"><div class=\"wgl-portfolio-item_image\"><img decoding=\"async\" src=\"https:\/\/visium360.fr\/wp-content\/uploads\/2020\/12\/Img-pdt02-versailles-740x740.jpg\"  alt=\"\" \/><div class=\"overlay\"><\/div><a href='https:\/\/visium360.fr\/index.php\/portfolio\/cgs-chateau-de-versailles\/' target=\"_blank\"  class='portfolio_link single_link'><\/a><\/div><div class=\"wgl-portfolio-item_description\"><div class=\"portfolio__description\"><div class=\"portfolio__item-title\"><h4 class=\"title\"><a href=\"https:\/\/visium360.fr\/index.php\/portfolio\/cgs-chateau-de-versailles\/\" target=\"_blank\" >CGS Ch\u00e2teau de Versailles<\/a><\/h4><\/div><div class=\"portfolio__item-meta\"><span class=\"post_cats\"><a href=https:\/\/visium360.fr\/index.php\/portfolio-category\/culture\/ class=\"portfolio-category\">Culture<\/a><\/span><\/div><\/div><\/div><\/div><\/article><article class=\"wgl-portfolio-list_item item wgl_col-4 infrastructure\"  style=\"padding-right:15px; padding-left:15px; padding-bottom:30px\"><div class=\"wgl-portfolio-item_wrapper under_image h_align_center\"><div class=\"wgl-portfolio-item_image\"><img decoding=\"async\" src=\"https:\/\/visium360.fr\/wp-content\/uploads\/2020\/12\/PlateauSaclay-740x740.jpg\"  alt=\"\" \/><div class=\"overlay\"><\/div><a href='https:\/\/visium360.fr\/index.php\/portfolio\/reseau-universitaire-saclay\/' target=\"_blank\"  class='portfolio_link single_link'><\/a><\/div><div class=\"wgl-portfolio-item_description\"><div class=\"portfolio__description\"><div class=\"portfolio__item-title\"><h4 class=\"title\"><a href=\"https:\/\/visium360.fr\/index.php\/portfolio\/reseau-universitaire-saclay\/\" target=\"_blank\" >R\u00e9seau Num\u00e9rique SACLAY<\/a><\/h4><\/div><div class=\"portfolio__item-meta\"><span class=\"post_cats\"><a href=https:\/\/visium360.fr\/index.php\/portfolio-category\/infrastructure\/ class=\"portfolio-category\">Infrastructure<\/a><\/span><\/div><\/div><\/div><\/div><\/article><article class=\"wgl-portfolio-list_item item wgl_col-4 education\"  style=\"padding-right:15px; padding-left:15px; padding-bottom:30px\"><div class=\"wgl-portfolio-item_wrapper under_image h_align_center\"><div class=\"wgl-portfolio-item_image\"><img decoding=\"async\" src=\"https:\/\/visium360.fr\/wp-content\/uploads\/2021\/01\/ImageAccueil-740x740.png\"  alt=\"\" \/><div class=\"overlay\"><\/div><a href='https:\/\/visium360.fr\/index.php\/portfolio\/accueil-international-paris-saclay\/' target=\"_blank\"  class='portfolio_link single_link'><\/a><\/div><div class=\"wgl-portfolio-item_description\"><div class=\"portfolio__description\"><div class=\"portfolio__item-title\"><h4 class=\"title\"><a href=\"https:\/\/visium360.fr\/index.php\/portfolio\/accueil-international-paris-saclay\/\" target=\"_blank\" >Accueil International PARIS-SACLAY<\/a><\/h4><\/div><div class=\"portfolio__item-meta\"><span class=\"post_cats\"><a href=https:\/\/visium360.fr\/index.php\/portfolio-category\/education\/ class=\"portfolio-category\">Education<\/a><\/span><\/div><\/div><\/div><\/div><\/article><article class=\"wgl-portfolio-list_item item wgl_col-4 medical\"  style=\"padding-right:15px; padding-left:15px; padding-bottom:30px\"><div class=\"wgl-portfolio-item_wrapper under_image h_align_center\"><div class=\"wgl-portfolio-item_image\"><img decoding=\"async\" src=\"https:\/\/visium360.fr\/wp-content\/uploads\/2021\/01\/Sante-740x740.png\"  alt=\"\" \/><div class=\"overlay\"><\/div><a href='https:\/\/visium360.fr\/index.php\/portfolio\/processus-sherpa-cancer\/' target=\"_blank\"  class='portfolio_link single_link'><\/a><\/div><div class=\"wgl-portfolio-item_description\"><div class=\"portfolio__description\"><div class=\"portfolio__item-title\"><h4 class=\"title\"><a href=\"https:\/\/visium360.fr\/index.php\/portfolio\/processus-sherpa-cancer\/\" target=\"_blank\" >Processus SHERPA Cancer<\/a><\/h4><\/div><div class=\"portfolio__item-meta\"><span class=\"post_cats\"><a href=https:\/\/visium360.fr\/index.php\/portfolio-category\/medical\/ class=\"portfolio-category\">M\u00e9dical<\/a><\/span><\/div><\/div><\/div><\/div><\/article><\/div><\/div><\/div><\/section>\t\t<\/div>\n\t\t\t\t<\/div>\n\t\t\t\t\t\t<\/div>\n\t\t\t\t\t<\/div>\n\t\t<\/div>\n\t\t\t\t\t\t\t\t<\/div>\n\t\t\t\t\t<\/div>\n\t\t<\/section>\n\t\t\t\t\t\t<\/div>\n\t\t\t\t\t\t<\/div>\n\t\t\t\t\t<\/div>\n\t\t","protected":false},"excerpt":{"rendered":"<p>PROJECTS Presentation of some projects All WorksCultureEducationInfrastructureM\u00e9dicalSciences Digitalisation Processus RH Sciences CGS Ch\u00e2teau de Versailles Culture R\u00e9seau Num\u00e9rique SACLAY Infrastructure Accueil International PARIS-SACLAY Education Processus SHERPA Cancer M\u00e9dical<\/p>\n","protected":false},"author":1,"featured_media":0,"parent":0,"menu_order":0,"comment_status":"closed","ping_status":"closed","template":"","meta":{"footnotes":""},"class_list":["post-5618","page","type-page","status-publish","hentry"],"_links":{"self":[{"href":"https:\/\/visium360.fr\/index.php\/wp-json\/wp\/v2\/pages\/5618","targetHints":{"allow":["GET"]}}],"collection":[{"href":"https:\/\/visium360.fr\/index.php\/wp-json\/wp\/v2\/pages"}],"about":[{"href":"https:\/\/visium360.fr\/index.php\/wp-json\/wp\/v2\/types\/page"}],"author":[{"embeddable":true,"href":"https:\/\/visium360.fr\/index.php\/wp-json\/wp\/v2\/users\/1"}],"replies":[{"embeddable":true,"href":"https:\/\/visium360.fr\/index.php\/wp-json\/wp\/v2\/comments?post=5618"}],"version-history":[{"count":9,"href":"https:\/\/visium360.fr\/index.php\/wp-json\/wp\/v2\/pages\/5618\/revisions"}],"predecessor-version":[{"id":6251,"href":"https:\/\/visium360.fr\/index.php\/wp-json\/wp\/v2\/pages\/5618\/revisions\/6251"}],"wp:attachment":[{"href":"https:\/\/visium360.fr\/index.php\/wp-json\/wp\/v2\/media?parent=5618"}],"curies":[{"name":"wp","href":"https:\/\/api.w.org\/{rel}","templated":true}]}}